{"id":1471,"date":"2025-04-14T11:13:00","date_gmt":"2025-04-14T11:13:00","guid":{"rendered":"https:\/\/personheadhunters.es\/equip\/"},"modified":"2025-05-27T14:50:05","modified_gmt":"2025-05-27T14:50:05","slug":"equip","status":"publish","type":"page","link":"https:\/\/personheadhunters.es\/ca\/equip\/","title":{"rendered":"Equip"},"content":{"rendered":"\t\t<div data-elementor-type=\"wp-page\" data-elementor-id=\"1471\" class=\"elementor elementor-1471 elementor-928\">\n\t\t\t\t<div class=\"elementor-element elementor-element-8c5bf7f e-flex e-con-boxed e-con e-parent\" data-id=\"8c5bf7f\" data-element_type=\"container\" data-settings=\"{&quot;background_background&quot;:&quot;classic&quot;}\">\n\t\t\t\t\t<div class=\"e-con-inner\">\n\t\t<div class=\"elementor-element elementor-element-6faf63e e-con-full e-flex e-con e-child\" data-id=\"6faf63e\" data-element_type=\"container\">\n\t\t\t\t<div class=\"elementor-element elementor-element-129e72c elementor-widget elementor-widget-heading\" data-id=\"129e72c\" data-element_type=\"widget\" data-widget_type=\"heading.default\">\n\t\t\t\t<div class=\"elementor-widget-container\">\n\t\t\t\t\t<h1 class=\"elementor-heading-title elementor-size-default\">Equip<\/h1>\t\t\t\t<\/div>\n\t\t\t\t<\/div>\n\t\t\t\t<\/div>\n\t\t\t\t\t<\/div>\n\t\t\t\t<\/div>\n\t\t<div class=\"elementor-element elementor-element-a2fdc6a e-flex e-con-boxed e-con e-parent\" data-id=\"a2fdc6a\" data-element_type=\"container\" data-settings=\"{&quot;background_background&quot;:&quot;classic&quot;}\">\n\t\t\t\t\t<div class=\"e-con-inner\">\n\t\t<div class=\"elementor-element elementor-element-5c1a843 e-con-full e-flex e-con e-child\" data-id=\"5c1a843\" data-element_type=\"container\">\n\t\t\t\t<div class=\"elementor-element elementor-element-9e42dcc elementor-widget elementor-widget-heading\" data-id=\"9e42dcc\" data-element_type=\"widget\" data-widget_type=\"heading.default\">\n\t\t\t\t<div class=\"elementor-widget-container\">\n\t\t\t\t\t<h6 class=\"elementor-heading-title elementor-size-default\">PERSON HEADHUNTERS<\/h6>\t\t\t\t<\/div>\n\t\t\t\t<\/div>\n\t\t\t\t<div class=\"elementor-element elementor-element-11da5ba elementor-widget elementor-widget-heading\" data-id=\"11da5ba\" data-element_type=\"widget\" data-widget_type=\"heading.default\">\n\t\t\t\t<div class=\"elementor-widget-container\">\n\t\t\t\t\t<h2 class=\"elementor-heading-title elementor-size-default\">Conegui al nostre equip.<\/h2>\t\t\t\t<\/div>\n\t\t\t\t<\/div>\n\t\t<div class=\"elementor-element elementor-element-1e21a32 e-con-full e-flex e-con e-child\" data-id=\"1e21a32\" data-element_type=\"container\">\n\t\t<div class=\"elementor-element elementor-element-adfc954 e-con-full e-flex e-con e-child\" data-id=\"adfc954\" data-element_type=\"container\">\n\t\t\t\t<div class=\"elementor-element elementor-element-bbc91c1 elementor-position-top elementor-widget elementor-widget-image-box\" data-id=\"bbc91c1\" data-element_type=\"widget\" data-widget_type=\"image-box.default\">\n\t\t\t\t<div class=\"elementor-widget-container\">\n\t\t\t\t\t<div class=\"elementor-image-box-wrapper\"><figure class=\"elementor-image-box-img\"><a href=\"#\" tabindex=\"-1\"><img decoding=\"async\" src=\"https:\/\/personheadhunters.es\/wp-content\/uploads\/elementor\/thumbs\/Pere-rotated-r6gu5tmcfn5yi2f3mqtsykiwxwmwv3fabyba5o39q8.jpg\" title=\"Pere\" alt=\"Pere\" loading=\"lazy\" \/><\/a><\/figure><div class=\"elementor-image-box-content\"><h5 class=\"elementor-image-box-title\"><a href=\"#\">Pere Aurell<\/a><\/h5><p class=\"elementor-image-box-description\"><b>CEO<\/b><\/p><\/div><\/div>\t\t\t\t<\/div>\n\t\t\t\t<\/div>\n\t\t\t\t<div class=\"elementor-element elementor-element-313ae6b elementor-widget elementor-widget-text-editor\" data-id=\"313ae6b\" data-element_type=\"widget\" data-widget_type=\"text-editor.default\">\n\t\t\t\t<div class=\"elementor-widget-container\">\n\t\t\t\t\t\t\t\t\t<p><strong>Enginyer Qu\u00edmic i MBA IESE<\/strong><\/p><p>Abans de fundar l&#8217;empresa ha treballat m\u00e9s de 20 anys com a directiu internacional en multinacionals del sector industrial. En el 2006 inicia una nova traject\u00f2ria professional especialitzant-se en cerca i selecci\u00f3 en els sectors ind\u00fastria, DIY , automoci\u00f3, moda i luxe. <\/p>\t\t\t\t\t\t\t\t<\/div>\n\t\t\t\t<\/div>\n\t\t\t\t<\/div>\n\t\t<div class=\"elementor-element elementor-element-8b8c2df e-con-full e-flex e-con e-child\" data-id=\"8b8c2df\" data-element_type=\"container\">\n\t\t\t\t<div class=\"elementor-element elementor-element-d75d001 elementor-position-top elementor-widget elementor-widget-image-box\" data-id=\"d75d001\" data-element_type=\"widget\" data-widget_type=\"image-box.default\">\n\t\t\t\t<div class=\"elementor-widget-container\">\n\t\t\t\t\t<div class=\"elementor-image-box-wrapper\"><figure class=\"elementor-image-box-img\"><a href=\"#\" tabindex=\"-1\"><img decoding=\"async\" src=\"https:\/\/personheadhunters.es\/wp-content\/uploads\/elementor\/thumbs\/Andreu-rotated-r6gu5soi8t4o6gggs8f6e2rgcirjnebjztnsoe4nwg.jpg\" title=\"Andreu\" alt=\"Andreu\" loading=\"lazy\" \/><\/a><\/figure><div class=\"elementor-image-box-content\"><h5 class=\"elementor-image-box-title\"><a href=\"#\">Andr\u00e9s Roch<\/a><\/h5><p class=\"elementor-image-box-description\"><b>Soci Consultor<\/b><\/p><\/div><\/div>\t\t\t\t<\/div>\n\t\t\t\t<\/div>\n\t\t\t\t<div class=\"elementor-element elementor-element-a0a0921 elementor-widget elementor-widget-text-editor\" data-id=\"a0a0921\" data-element_type=\"widget\" data-widget_type=\"text-editor.default\">\n\t\t\t\t<div class=\"elementor-widget-container\">\n\t\t\t\t\t\t\t\t\t<p><strong>Enginyer Industrial i MBA IESE.<\/strong><\/p><p>Despr\u00e9s de la seva etapa professional dirigint i formant equips multiculturals en els sectors qu\u00edmic, construcci\u00f3, agricultura i bricolatge s&#8217;incorpora a l&#8217;empresa en el 2021. Ha treballat en llocs de primer nivell en multinacionals i en empreses familiars <\/p>\t\t\t\t\t\t\t\t<\/div>\n\t\t\t\t<\/div>\n\t\t\t\t<\/div>\n\t\t<div class=\"elementor-element elementor-element-39e97ac e-con-full e-flex e-con e-child\" data-id=\"39e97ac\" data-element_type=\"container\">\n\t\t\t\t<div class=\"elementor-element elementor-element-dadd0fe elementor-position-top elementor-widget elementor-widget-image-box\" data-id=\"dadd0fe\" data-element_type=\"widget\" data-widget_type=\"image-box.default\">\n\t\t\t\t<div class=\"elementor-widget-container\">\n\t\t\t\t\t<div class=\"elementor-image-box-wrapper\"><figure class=\"elementor-image-box-img\"><a href=\"#\" tabindex=\"-1\"><img decoding=\"async\" src=\"https:\/\/personheadhunters.es\/wp-content\/uploads\/elementor\/thumbs\/Lluis-rotated-r6gu5tmcfn5yi2f3mqtsykiwxwmwv3fabyba5o39q8.jpg\" title=\"Lluis\" alt=\"Lluis\" loading=\"lazy\" \/><\/a><\/figure><div class=\"elementor-image-box-content\"><h5 class=\"elementor-image-box-title\"><a href=\"#\">Josep Lluis Minguill\u00f3n<\/a><\/h5><p class=\"elementor-image-box-description\"><b>Soci Consultor<\/b><\/p><\/div><\/div>\t\t\t\t<\/div>\n\t\t\t\t<\/div>\n\t\t\t\t<div class=\"elementor-element elementor-element-0e2b12e elementor-widget elementor-widget-text-editor\" data-id=\"0e2b12e\" data-element_type=\"widget\" data-widget_type=\"text-editor.default\">\n\t\t\t\t<div class=\"elementor-widget-container\">\n\t\t\t\t\t\t\t\t\t<p><strong>Enginyer Industrial Mec\u00e0nic i MBA EADA.<\/strong><\/p><p>Posseeix una llarga traject\u00f2ria professional com a directiu en el camp de les Operacions i Enginyeria i actualment simultanieja el seu treball de cerca de perfils d&#8217;enginyers i professionals per a la ind\u00fastria amb l&#8217;assessorament estrat\u00e8gic de PIMES.<\/p>\t\t\t\t\t\t\t\t<\/div>\n\t\t\t\t<\/div>\n\t\t\t\t<\/div>\n\t\t\t\t<\/div>\n\t\t\t\t<\/div>\n\t\t\t\t\t<\/div>\n\t\t\t\t<\/div>\n\t\t\t\t<\/div>\n\t\t","protected":false},"excerpt":{"rendered":"<p>Equip PERSON HEADHUNTERS Conegui al nostre equip. Pere Aurell CEO Enginyer Qu\u00edmic i MBA IESE Abans de fundar l&#8217;empresa ha treballat m\u00e9s de 20 anys com a directiu internacional en multinacionals del sector industrial. En el 2006 inicia una nova traject\u00f2ria professional especialitzant-se en cerca i selecci\u00f3 en els sectors ind\u00fastria, DIY , automoci\u00f3, moda [&hellip;]<\/p>\n","protected":false},"author":1,"featured_media":0,"parent":0,"menu_order":0,"comment_status":"closed","ping_status":"closed","template":"","meta":{"site-sidebar-layout":"no-sidebar","site-content-layout":"page-builder","ast-site-content-layout":"full-width-container","site-content-style":"unboxed","site-sidebar-style":"unboxed","ast-global-header-display":"","ast-banner-title-visibility":"","ast-main-header-display":"","ast-hfb-above-header-display":"","ast-hfb-below-header-display":"","ast-hfb-mobile-header-display":"","site-post-title":"disabled","ast-breadcrumbs-content":"disabled","ast-featured-img":"disabled","footer-sml-layout":"","theme-transparent-header-meta":"enabled","adv-header-id-meta":"","stick-header-meta":"","header-above-stick-meta":"","header-main-stick-meta":"","header-below-stick-meta":"","astra-migrate-meta-layouts":"default","ast-page-background-enabled":"default","ast-page-background-meta":{"desktop":{"background-color":"","background-image":"","background-repeat":"repeat","background-position":"center center","background-size":"auto","background-attachment":"scroll","background-type":"","background-media":"","overlay-type":"","overlay-color":"","overlay-opacity":"","overlay-gradient":""},"tablet":{"background-color":"","background-image":"","background-repeat":"repeat","background-position":"center center","background-size":"auto","background-attachment":"scroll","background-type":"","background-media":"","overlay-type":"","overlay-color":"","overlay-opacity":"","overlay-gradient":""},"mobile":{"background-color":"","background-image":"","background-repeat":"repeat","background-position":"center center","background-size":"auto","background-attachment":"scroll","background-type":"","background-media":"","overlay-type":"","overlay-color":"","overlay-opacity":"","overlay-gradient":""}},"ast-content-background-meta":{"desktop":{"background-color":"var(--ast-global-color-5)","background-image":"","background-repeat":"repeat","background-position":"center center","background-size":"auto","background-attachment":"scroll","background-type":"","background-media":"","overlay-type":"","overlay-color":"","overlay-opacity":"","overlay-gradient":""},"tablet":{"background-color":"var(--ast-global-color-5)","background-image":"","background-repeat":"repeat","background-position":"center center","background-size":"auto","background-attachment":"scroll","background-type":"","background-media":"","overlay-type":"","overlay-color":"","overlay-opacity":"","overlay-gradient":""},"mobile":{"background-color":"var(--ast-global-color-5)","background-image":"","background-repeat":"repeat","background-position":"center center","background-size":"auto","background-attachment":"scroll","background-type":"","background-media":"","overlay-type":"","overlay-color":"","overlay-opacity":"","overlay-gradient":""}},"footnotes":""},"class_list":["post-1471","page","type-page","status-publish","hentry"],"yoast_head":"<!-- This site is optimized with the Yoast SEO plugin v25.5 - https:\/\/yoast.com\/wordpress\/plugins\/seo\/ -->\n<title>Equip - Person Headhunters<\/title>\n<meta name=\"robots\" content=\"index, follow, max-snippet:-1, max-image-preview:large, max-video-preview:-1\" \/>\n<link rel=\"canonical\" href=\"https:\/\/personheadhunters.es\/ca\/equip\/\" \/>\n<meta property=\"og:locale\" content=\"ca_ES\" \/>\n<meta property=\"og:type\" content=\"article\" \/>\n<meta property=\"og:title\" content=\"Equip - Person Headhunters\" \/>\n<meta property=\"og:description\" content=\"Equip PERSON HEADHUNTERS Conegui al nostre equip. Pere Aurell CEO Enginyer Qu\u00edmic i MBA IESE Abans de fundar l&#8217;empresa ha treballat m\u00e9s de 20 anys com a directiu internacional en multinacionals del sector industrial. En el 2006 inicia una nova traject\u00f2ria professional especialitzant-se en cerca i selecci\u00f3 en els sectors ind\u00fastria, DIY , automoci\u00f3, moda [&hellip;]\" \/>\n<meta property=\"og:url\" content=\"https:\/\/personheadhunters.es\/ca\/equip\/\" \/>\n<meta property=\"og:site_name\" content=\"Person Headhunters\" \/>\n<meta property=\"article:modified_time\" content=\"2025-05-27T14:50:05+00:00\" \/>\n<meta property=\"og:image\" content=\"https:\/\/personheadhunters.es\/wp-content\/uploads\/elementor\/thumbs\/Pere-rotated-r6fifhtspswkckdwghlbaommt01yiis730rjwlvegw.jpg\" \/>\n<meta name=\"twitter:card\" content=\"summary_large_image\" \/>\n<meta name=\"twitter:site\" content=\"@p_headhunters\" \/>\n<meta name=\"twitter:label1\" content=\"Temps estimat de lectura\" \/>\n\t<meta name=\"twitter:data1\" content=\"1 minut\" \/>\n<script type=\"application\/ld+json\" class=\"yoast-schema-graph\">{\"@context\":\"https:\/\/schema.org\",\"@graph\":[{\"@type\":\"WebPage\",\"@id\":\"https:\/\/personheadhunters.es\/ca\/equip\/\",\"url\":\"https:\/\/personheadhunters.es\/ca\/equip\/\",\"name\":\"Equip - Person Headhunters\",\"isPartOf\":{\"@id\":\"https:\/\/personheadhunters.es\/#website\"},\"primaryImageOfPage\":{\"@id\":\"https:\/\/personheadhunters.es\/ca\/equip\/#primaryimage\"},\"image\":{\"@id\":\"https:\/\/personheadhunters.es\/ca\/equip\/#primaryimage\"},\"thumbnailUrl\":\"https:\/\/personheadhunters.es\/wp-content\/uploads\/elementor\/thumbs\/Pere-rotated-r6fifhtspswkckdwghlbaommt01yiis730rjwlvegw.jpg\",\"datePublished\":\"2025-04-14T11:13:00+00:00\",\"dateModified\":\"2025-05-27T14:50:05+00:00\",\"breadcrumb\":{\"@id\":\"https:\/\/personheadhunters.es\/ca\/equip\/#breadcrumb\"},\"inLanguage\":\"ca\",\"potentialAction\":[{\"@type\":\"ReadAction\",\"target\":[\"https:\/\/personheadhunters.es\/ca\/equip\/\"]}]},{\"@type\":\"ImageObject\",\"inLanguage\":\"ca\",\"@id\":\"https:\/\/personheadhunters.es\/ca\/equip\/#primaryimage\",\"url\":\"https:\/\/personheadhunters.es\/wp-content\/uploads\/elementor\/thumbs\/Pere-rotated-r6fifhtspswkckdwghlbaommt01yiis730rjwlvegw.jpg\",\"contentUrl\":\"https:\/\/personheadhunters.es\/wp-content\/uploads\/elementor\/thumbs\/Pere-rotated-r6fifhtspswkckdwghlbaommt01yiis730rjwlvegw.jpg\"},{\"@type\":\"BreadcrumbList\",\"@id\":\"https:\/\/personheadhunters.es\/ca\/equip\/#breadcrumb\",\"itemListElement\":[{\"@type\":\"ListItem\",\"position\":1,\"name\":\"Portada\",\"item\":\"https:\/\/personheadhunters.es\/ca\/\"},{\"@type\":\"ListItem\",\"position\":2,\"name\":\"Equip\"}]},{\"@type\":\"WebSite\",\"@id\":\"https:\/\/personheadhunters.es\/#website\",\"url\":\"https:\/\/personheadhunters.es\/\",\"name\":\"Person Headhunters\",\"description\":\"\",\"publisher\":{\"@id\":\"https:\/\/personheadhunters.es\/#organization\"},\"potentialAction\":[{\"@type\":\"SearchAction\",\"target\":{\"@type\":\"EntryPoint\",\"urlTemplate\":\"https:\/\/personheadhunters.es\/?s={search_term_string}\"},\"query-input\":{\"@type\":\"PropertyValueSpecification\",\"valueRequired\":true,\"valueName\":\"search_term_string\"}}],\"inLanguage\":\"ca\"},{\"@type\":\"Organization\",\"@id\":\"https:\/\/personheadhunters.es\/#organization\",\"name\":\"Person Headhunters\",\"url\":\"https:\/\/personheadhunters.es\/\",\"logo\":{\"@type\":\"ImageObject\",\"inLanguage\":\"ca\",\"@id\":\"https:\/\/personheadhunters.es\/#\/schema\/logo\/image\/\",\"url\":\"https:\/\/personheadhunters.es\/wp-content\/uploads\/2025\/05\/Logo-Person.jpg\",\"contentUrl\":\"https:\/\/personheadhunters.es\/wp-content\/uploads\/2025\/05\/Logo-Person.jpg\",\"width\":1655,\"height\":521,\"caption\":\"Person Headhunters\"},\"image\":{\"@id\":\"https:\/\/personheadhunters.es\/#\/schema\/logo\/image\/\"},\"sameAs\":[\"https:\/\/x.com\/p_headhunters\",\"https:\/\/es.linkedin.com\/in\/pere-aurell-executive-search-7386572\"]}]}<\/script>\n<!-- \/ Yoast SEO plugin. -->","yoast_head_json":{"title":"Equip - Person Headhunters","robots":{"index":"index","follow":"follow","max-snippet":"max-snippet:-1","max-image-preview":"max-image-preview:large","max-video-preview":"max-video-preview:-1"},"canonical":"https:\/\/personheadhunters.es\/ca\/equip\/","og_locale":"ca_ES","og_type":"article","og_title":"Equip - Person Headhunters","og_description":"Equip PERSON HEADHUNTERS Conegui al nostre equip. Pere Aurell CEO Enginyer Qu\u00edmic i MBA IESE Abans de fundar l&#8217;empresa ha treballat m\u00e9s de 20 anys com a directiu internacional en multinacionals del sector industrial. En el 2006 inicia una nova traject\u00f2ria professional especialitzant-se en cerca i selecci\u00f3 en els sectors ind\u00fastria, DIY , automoci\u00f3, moda [&hellip;]","og_url":"https:\/\/personheadhunters.es\/ca\/equip\/","og_site_name":"Person Headhunters","article_modified_time":"2025-05-27T14:50:05+00:00","og_image":[{"url":"https:\/\/personheadhunters.es\/wp-content\/uploads\/elementor\/thumbs\/Pere-rotated-r6fifhtspswkckdwghlbaommt01yiis730rjwlvegw.jpg","type":"","width":"","height":""}],"twitter_card":"summary_large_image","twitter_site":"@p_headhunters","twitter_misc":{"Temps estimat de lectura":"1 minut"},"schema":{"@context":"https:\/\/schema.org","@graph":[{"@type":"WebPage","@id":"https:\/\/personheadhunters.es\/ca\/equip\/","url":"https:\/\/personheadhunters.es\/ca\/equip\/","name":"Equip - Person Headhunters","isPartOf":{"@id":"https:\/\/personheadhunters.es\/#website"},"primaryImageOfPage":{"@id":"https:\/\/personheadhunters.es\/ca\/equip\/#primaryimage"},"image":{"@id":"https:\/\/personheadhunters.es\/ca\/equip\/#primaryimage"},"thumbnailUrl":"https:\/\/personheadhunters.es\/wp-content\/uploads\/elementor\/thumbs\/Pere-rotated-r6fifhtspswkckdwghlbaommt01yiis730rjwlvegw.jpg","datePublished":"2025-04-14T11:13:00+00:00","dateModified":"2025-05-27T14:50:05+00:00","breadcrumb":{"@id":"https:\/\/personheadhunters.es\/ca\/equip\/#breadcrumb"},"inLanguage":"ca","potentialAction":[{"@type":"ReadAction","target":["https:\/\/personheadhunters.es\/ca\/equip\/"]}]},{"@type":"ImageObject","inLanguage":"ca","@id":"https:\/\/personheadhunters.es\/ca\/equip\/#primaryimage","url":"https:\/\/personheadhunters.es\/wp-content\/uploads\/elementor\/thumbs\/Pere-rotated-r6fifhtspswkckdwghlbaommt01yiis730rjwlvegw.jpg","contentUrl":"https:\/\/personheadhunters.es\/wp-content\/uploads\/elementor\/thumbs\/Pere-rotated-r6fifhtspswkckdwghlbaommt01yiis730rjwlvegw.jpg"},{"@type":"BreadcrumbList","@id":"https:\/\/personheadhunters.es\/ca\/equip\/#breadcrumb","itemListElement":[{"@type":"ListItem","position":1,"name":"Portada","item":"https:\/\/personheadhunters.es\/ca\/"},{"@type":"ListItem","position":2,"name":"Equip"}]},{"@type":"WebSite","@id":"https:\/\/personheadhunters.es\/#website","url":"https:\/\/personheadhunters.es\/","name":"Person Headhunters","description":"","publisher":{"@id":"https:\/\/personheadhunters.es\/#organization"},"potentialAction":[{"@type":"SearchAction","target":{"@type":"EntryPoint","urlTemplate":"https:\/\/personheadhunters.es\/?s={search_term_string}"},"query-input":{"@type":"PropertyValueSpecification","valueRequired":true,"valueName":"search_term_string"}}],"inLanguage":"ca"},{"@type":"Organization","@id":"https:\/\/personheadhunters.es\/#organization","name":"Person Headhunters","url":"https:\/\/personheadhunters.es\/","logo":{"@type":"ImageObject","inLanguage":"ca","@id":"https:\/\/personheadhunters.es\/#\/schema\/logo\/image\/","url":"https:\/\/personheadhunters.es\/wp-content\/uploads\/2025\/05\/Logo-Person.jpg","contentUrl":"https:\/\/personheadhunters.es\/wp-content\/uploads\/2025\/05\/Logo-Person.jpg","width":1655,"height":521,"caption":"Person Headhunters"},"image":{"@id":"https:\/\/personheadhunters.es\/#\/schema\/logo\/image\/"},"sameAs":["https:\/\/x.com\/p_headhunters","https:\/\/es.linkedin.com\/in\/pere-aurell-executive-search-7386572"]}]}},"_links":{"self":[{"href":"https:\/\/personheadhunters.es\/ca\/wp-json\/wp\/v2\/pages\/1471","targetHints":{"allow":["GET"]}}],"collection":[{"href":"https:\/\/personheadhunters.es\/ca\/wp-json\/wp\/v2\/pages"}],"about":[{"href":"https:\/\/personheadhunters.es\/ca\/wp-json\/wp\/v2\/types\/page"}],"author":[{"embeddable":true,"href":"https:\/\/personheadhunters.es\/ca\/wp-json\/wp\/v2\/users\/1"}],"replies":[{"embeddable":true,"href":"https:\/\/personheadhunters.es\/ca\/wp-json\/wp\/v2\/comments?post=1471"}],"version-history":[{"count":4,"href":"https:\/\/personheadhunters.es\/ca\/wp-json\/wp\/v2\/pages\/1471\/revisions"}],"predecessor-version":[{"id":1559,"href":"https:\/\/personheadhunters.es\/ca\/wp-json\/wp\/v2\/pages\/1471\/revisions\/1559"}],"wp:attachment":[{"href":"https:\/\/personheadhunters.es\/ca\/wp-json\/wp\/v2\/media?parent=1471"}],"curies":[{"name":"wp","href":"https:\/\/api.w.org\/{rel}","templated":true}]}}