{"id":1473,"date":"2025-04-14T11:13:00","date_gmt":"2025-04-14T11:13:00","guid":{"rendered":"https:\/\/personheadhunters.es\/per-que-treballar-amb-nosaltres\/"},"modified":"2025-05-09T12:42:22","modified_gmt":"2025-05-09T12:42:22","slug":"per-que-treballar-amb-nosaltres","status":"publish","type":"page","link":"https:\/\/personheadhunters.es\/ca\/per-que-treballar-amb-nosaltres\/","title":{"rendered":"\u00bfPer qu\u00e8 treballar amb nosaltres?"},"content":{"rendered":"\t\t<div data-elementor-type=\"wp-page\" data-elementor-id=\"1473\" class=\"elementor elementor-1473 elementor-34\">\n\t\t\t\t<div class=\"elementor-element elementor-element-e85852d e-flex e-con-boxed e-con e-parent\" data-id=\"e85852d\" data-element_type=\"container\" data-settings=\"{&quot;background_background&quot;:&quot;classic&quot;}\">\n\t\t\t\t\t<div class=\"e-con-inner\">\n\t\t<div class=\"elementor-element elementor-element-a2474a7 e-con-full e-flex e-con e-child\" data-id=\"a2474a7\" data-element_type=\"container\">\n\t\t\t\t<div class=\"elementor-element elementor-element-3d6aaee elementor-widget elementor-widget-heading\" data-id=\"3d6aaee\" data-element_type=\"widget\" data-widget_type=\"heading.default\">\n\t\t\t\t<div class=\"elementor-widget-container\">\n\t\t\t\t\t<h6 class=\"elementor-heading-title elementor-size-default\">PERSON HEADHUNTERS<\/h6>\t\t\t\t<\/div>\n\t\t\t\t<\/div>\n\t\t\t\t<div class=\"elementor-element elementor-element-ca0ab0a elementor-widget elementor-widget-heading\" data-id=\"ca0ab0a\" data-element_type=\"widget\" data-widget_type=\"heading.default\">\n\t\t\t\t<div class=\"elementor-widget-container\">\n\t\t\t\t\t<h1 class=\"elementor-heading-title elementor-size-default\">\u00bfPer qu\u00e8 treballar amb nosaltres?<\/h1>\t\t\t\t<\/div>\n\t\t\t\t<\/div>\n\t\t\t\t<\/div>\n\t\t\t\t\t<\/div>\n\t\t\t\t<\/div>\n\t\t<div class=\"elementor-element elementor-element-06d0414 e-flex e-con-boxed e-con e-parent\" data-id=\"06d0414\" data-element_type=\"container\" data-settings=\"{&quot;background_background&quot;:&quot;classic&quot;}\">\n\t\t\t\t\t<div class=\"e-con-inner\">\n\t\t<div class=\"elementor-element elementor-element-90fb92e e-con-full e-flex e-con e-child\" data-id=\"90fb92e\" data-element_type=\"container\">\n\t\t\t\t<div class=\"elementor-element elementor-element-e9d9358 elementor-widget elementor-widget-heading\" data-id=\"e9d9358\" data-element_type=\"widget\" data-widget_type=\"heading.default\">\n\t\t\t\t<div class=\"elementor-widget-container\">\n\t\t\t\t\t<h6 class=\"elementor-heading-title elementor-size-default\">\u00bfPer qu\u00e8 treballar amb nosaltres?<\/h6>\t\t\t\t<\/div>\n\t\t\t\t<\/div>\n\t\t\t\t<div class=\"elementor-element elementor-element-4799b70 elementor-widget elementor-widget-heading\" data-id=\"4799b70\" data-element_type=\"widget\" data-widget_type=\"heading.default\">\n\t\t\t\t<div class=\"elementor-widget-container\">\n\t\t\t\t\t<h2 class=\"elementor-heading-title elementor-size-default\">Som una empresa de selecci\u00f3 de personal, amb la flexibilitat d'una consultoria boutique.<\/h2>\t\t\t\t<\/div>\n\t\t\t\t<\/div>\n\t\t\t\t<\/div>\n\t\t<div class=\"elementor-element elementor-element-239998c e-con-full e-flex e-con e-child\" data-id=\"239998c\" data-element_type=\"container\">\n\t\t\t\t<div class=\"elementor-element elementor-element-5ebecf5 elementor-widget elementor-widget-heading\" data-id=\"5ebecf5\" data-element_type=\"widget\" data-widget_type=\"heading.default\">\n\t\t\t\t<div class=\"elementor-widget-container\">\n\t\t\t\t\t<h5 class=\"elementor-heading-title elementor-size-default\">Person Headhunters va ser creada en el 2006 per un grup de directius, amb l'objectiu d'aportar la seva experi\u00e8ncia empresarial pr\u00e8via per a ajudar en la cerca de personal directiu, enginyers, comercials i comandaments intermedis.<\/h5>\t\t\t\t<\/div>\n\t\t\t\t<\/div>\n\t\t\t\t<div class=\"elementor-element elementor-element-9469bff elementor-widget elementor-widget-text-editor\" data-id=\"9469bff\" data-element_type=\"widget\" data-widget_type=\"text-editor.default\">\n\t\t\t\t<div class=\"elementor-widget-container\">\n\t\t\t\t\t\t\t\t\t<p>Combinem la nostra experi\u00e8ncia professional com a executius en el m\u00f3n empresarial amb els coneixements adquirits en els nostres llocs de responsabilitat. <\/p><p>El nostre objectiu prioritari en cada proc\u00e9s \u00e9s la satisfacci\u00f3 del nostre client mitjan\u00e7ant la selecci\u00f3 de les persones m\u00e9s adequada, que encaixin en la cultura de l&#8217;empresa i aportin els seus coneixements i habilitats per a tenir un impacte durador i de llarg recorregut<\/p>\t\t\t\t\t\t\t\t<\/div>\n\t\t\t\t<\/div>\n\t\t\t\t<\/div>\n\t\t\t\t\t<\/div>\n\t\t\t\t<\/div>\n\t\t\t\t<\/div>\n\t\t","protected":false},"excerpt":{"rendered":"<p>PERSON HEADHUNTERS \u00bfPer qu\u00e8 treballar amb nosaltres? \u00bfPer qu\u00e8 treballar amb nosaltres? Som una empresa de selecci\u00f3 de personal, amb la flexibilitat d&#8217;una consultoria boutique. Person Headhunters va ser creada en el 2006 per un grup de directius, amb l&#8217;objectiu d&#8217;aportar la seva experi\u00e8ncia empresarial pr\u00e8via per a ajudar en la cerca de personal directiu, [&hellip;]<\/p>\n","protected":false},"author":1,"featured_media":0,"parent":0,"menu_order":0,"comment_status":"closed","ping_status":"closed","template":"","meta":{"site-sidebar-layout":"no-sidebar","site-content-layout":"page-builder","ast-site-content-layout":"","site-content-style":"default","site-sidebar-style":"default","ast-global-header-display":"","ast-banner-title-visibility":"","ast-main-header-display":"","ast-hfb-above-header-display":"","ast-hfb-below-header-display":"","ast-hfb-mobile-header-display":"","site-post-title":"disabled","ast-breadcrumbs-content":"disabled","ast-featured-img":"disabled","footer-sml-layout":"","theme-transparent-header-meta":"enabled","adv-header-id-meta":"","stick-header-meta":"","header-above-stick-meta":"","header-main-stick-meta":"","header-below-stick-meta":"","astra-migrate-meta-layouts":"default","ast-page-background-enabled":"default","ast-page-background-meta":{"desktop":{"background-color":"","background-image":"","background-repeat":"repeat","background-position":"center center","background-size":"auto","background-attachment":"scroll","background-type":"","background-media":"","overlay-type":"","overlay-color":"","overlay-opacity":"","overlay-gradient":""},"tablet":{"background-color":"","background-image":"","background-repeat":"repeat","background-position":"center center","background-size":"auto","background-attachment":"scroll","background-type":"","background-media":"","overlay-type":"","overlay-color":"","overlay-opacity":"","overlay-gradient":""},"mobile":{"background-color":"","background-image":"","background-repeat":"repeat","background-position":"center center","background-size":"auto","background-attachment":"scroll","background-type":"","background-media":"","overlay-type":"","overlay-color":"","overlay-opacity":"","overlay-gradient":""}},"ast-content-background-meta":{"desktop":{"background-color":"var(--ast-global-color-5)","background-image":"","background-repeat":"repeat","background-position":"center center","background-size":"auto","background-attachment":"scroll","background-type":"","background-media":"","overlay-type":"","overlay-color":"","overlay-opacity":"","overlay-gradient":""},"tablet":{"background-color":"var(--ast-global-color-5)","background-image":"","background-repeat":"repeat","background-position":"center center","background-size":"auto","background-attachment":"scroll","background-type":"","background-media":"","overlay-type":"","overlay-color":"","overlay-opacity":"","overlay-gradient":""},"mobile":{"background-color":"var(--ast-global-color-5)","background-image":"","background-repeat":"repeat","background-position":"center center","background-size":"auto","background-attachment":"scroll","background-type":"","background-media":"","overlay-type":"","overlay-color":"","overlay-opacity":"","overlay-gradient":""}},"footnotes":""},"class_list":["post-1473","page","type-page","status-publish","hentry"],"yoast_head":"<!-- This site is optimized with the Yoast SEO plugin v25.5 - https:\/\/yoast.com\/wordpress\/plugins\/seo\/ -->\n<title>\u00bfPer qu\u00e8 treballar amb nosaltres? - Person Headhunters<\/title>\n<meta name=\"robots\" content=\"index, follow, max-snippet:-1, max-image-preview:large, max-video-preview:-1\" \/>\n<link rel=\"canonical\" href=\"https:\/\/personheadhunters.es\/ca\/per-que-treballar-amb-nosaltres\/\" \/>\n<meta property=\"og:locale\" content=\"ca_ES\" \/>\n<meta property=\"og:type\" content=\"article\" \/>\n<meta property=\"og:title\" content=\"\u00bfPer qu\u00e8 treballar amb nosaltres? - Person Headhunters\" \/>\n<meta property=\"og:description\" content=\"PERSON HEADHUNTERS \u00bfPer qu\u00e8 treballar amb nosaltres? \u00bfPer qu\u00e8 treballar amb nosaltres? Som una empresa de selecci\u00f3 de personal, amb la flexibilitat d&#8217;una consultoria boutique. Person Headhunters va ser creada en el 2006 per un grup de directius, amb l&#8217;objectiu d&#8217;aportar la seva experi\u00e8ncia empresarial pr\u00e8via per a ajudar en la cerca de personal directiu, [&hellip;]\" \/>\n<meta property=\"og:url\" content=\"https:\/\/personheadhunters.es\/ca\/per-que-treballar-amb-nosaltres\/\" \/>\n<meta property=\"og:site_name\" content=\"Person Headhunters\" \/>\n<meta property=\"article:modified_time\" content=\"2025-05-09T12:42:22+00:00\" \/>\n<meta name=\"twitter:card\" content=\"summary_large_image\" \/>\n<meta name=\"twitter:site\" content=\"@p_headhunters\" \/>\n<meta name=\"twitter:label1\" content=\"Temps estimat de lectura\" \/>\n\t<meta name=\"twitter:data1\" content=\"1 minut\" \/>\n<script type=\"application\/ld+json\" class=\"yoast-schema-graph\">{\"@context\":\"https:\/\/schema.org\",\"@graph\":[{\"@type\":\"WebPage\",\"@id\":\"https:\/\/personheadhunters.es\/ca\/per-que-treballar-amb-nosaltres\/\",\"url\":\"https:\/\/personheadhunters.es\/ca\/per-que-treballar-amb-nosaltres\/\",\"name\":\"\u00bfPer qu\u00e8 treballar amb nosaltres? - Person Headhunters\",\"isPartOf\":{\"@id\":\"https:\/\/personheadhunters.es\/#website\"},\"datePublished\":\"2025-04-14T11:13:00+00:00\",\"dateModified\":\"2025-05-09T12:42:22+00:00\",\"breadcrumb\":{\"@id\":\"https:\/\/personheadhunters.es\/ca\/per-que-treballar-amb-nosaltres\/#breadcrumb\"},\"inLanguage\":\"ca\",\"potentialAction\":[{\"@type\":\"ReadAction\",\"target\":[\"https:\/\/personheadhunters.es\/ca\/per-que-treballar-amb-nosaltres\/\"]}]},{\"@type\":\"BreadcrumbList\",\"@id\":\"https:\/\/personheadhunters.es\/ca\/per-que-treballar-amb-nosaltres\/#breadcrumb\",\"itemListElement\":[{\"@type\":\"ListItem\",\"position\":1,\"name\":\"Portada\",\"item\":\"https:\/\/personheadhunters.es\/ca\/\"},{\"@type\":\"ListItem\",\"position\":2,\"name\":\"\u00bfPer qu\u00e8 treballar amb nosaltres?\"}]},{\"@type\":\"WebSite\",\"@id\":\"https:\/\/personheadhunters.es\/#website\",\"url\":\"https:\/\/personheadhunters.es\/\",\"name\":\"Person Headhunters\",\"description\":\"\",\"publisher\":{\"@id\":\"https:\/\/personheadhunters.es\/#organization\"},\"potentialAction\":[{\"@type\":\"SearchAction\",\"target\":{\"@type\":\"EntryPoint\",\"urlTemplate\":\"https:\/\/personheadhunters.es\/?s={search_term_string}\"},\"query-input\":{\"@type\":\"PropertyValueSpecification\",\"valueRequired\":true,\"valueName\":\"search_term_string\"}}],\"inLanguage\":\"ca\"},{\"@type\":\"Organization\",\"@id\":\"https:\/\/personheadhunters.es\/#organization\",\"name\":\"Person Headhunters\",\"url\":\"https:\/\/personheadhunters.es\/\",\"logo\":{\"@type\":\"ImageObject\",\"inLanguage\":\"ca\",\"@id\":\"https:\/\/personheadhunters.es\/#\/schema\/logo\/image\/\",\"url\":\"https:\/\/personheadhunters.es\/wp-content\/uploads\/2025\/05\/Logo-Person.jpg\",\"contentUrl\":\"https:\/\/personheadhunters.es\/wp-content\/uploads\/2025\/05\/Logo-Person.jpg\",\"width\":1655,\"height\":521,\"caption\":\"Person Headhunters\"},\"image\":{\"@id\":\"https:\/\/personheadhunters.es\/#\/schema\/logo\/image\/\"},\"sameAs\":[\"https:\/\/x.com\/p_headhunters\",\"https:\/\/es.linkedin.com\/in\/pere-aurell-executive-search-7386572\"]}]}<\/script>\n<!-- \/ Yoast SEO plugin. -->","yoast_head_json":{"title":"\u00bfPer qu\u00e8 treballar amb nosaltres? - Person Headhunters","robots":{"index":"index","follow":"follow","max-snippet":"max-snippet:-1","max-image-preview":"max-image-preview:large","max-video-preview":"max-video-preview:-1"},"canonical":"https:\/\/personheadhunters.es\/ca\/per-que-treballar-amb-nosaltres\/","og_locale":"ca_ES","og_type":"article","og_title":"\u00bfPer qu\u00e8 treballar amb nosaltres? - Person Headhunters","og_description":"PERSON HEADHUNTERS \u00bfPer qu\u00e8 treballar amb nosaltres? \u00bfPer qu\u00e8 treballar amb nosaltres? Som una empresa de selecci\u00f3 de personal, amb la flexibilitat d&#8217;una consultoria boutique. Person Headhunters va ser creada en el 2006 per un grup de directius, amb l&#8217;objectiu d&#8217;aportar la seva experi\u00e8ncia empresarial pr\u00e8via per a ajudar en la cerca de personal directiu, [&hellip;]","og_url":"https:\/\/personheadhunters.es\/ca\/per-que-treballar-amb-nosaltres\/","og_site_name":"Person Headhunters","article_modified_time":"2025-05-09T12:42:22+00:00","twitter_card":"summary_large_image","twitter_site":"@p_headhunters","twitter_misc":{"Temps estimat de lectura":"1 minut"},"schema":{"@context":"https:\/\/schema.org","@graph":[{"@type":"WebPage","@id":"https:\/\/personheadhunters.es\/ca\/per-que-treballar-amb-nosaltres\/","url":"https:\/\/personheadhunters.es\/ca\/per-que-treballar-amb-nosaltres\/","name":"\u00bfPer qu\u00e8 treballar amb nosaltres? - Person Headhunters","isPartOf":{"@id":"https:\/\/personheadhunters.es\/#website"},"datePublished":"2025-04-14T11:13:00+00:00","dateModified":"2025-05-09T12:42:22+00:00","breadcrumb":{"@id":"https:\/\/personheadhunters.es\/ca\/per-que-treballar-amb-nosaltres\/#breadcrumb"},"inLanguage":"ca","potentialAction":[{"@type":"ReadAction","target":["https:\/\/personheadhunters.es\/ca\/per-que-treballar-amb-nosaltres\/"]}]},{"@type":"BreadcrumbList","@id":"https:\/\/personheadhunters.es\/ca\/per-que-treballar-amb-nosaltres\/#breadcrumb","itemListElement":[{"@type":"ListItem","position":1,"name":"Portada","item":"https:\/\/personheadhunters.es\/ca\/"},{"@type":"ListItem","position":2,"name":"\u00bfPer qu\u00e8 treballar amb nosaltres?"}]},{"@type":"WebSite","@id":"https:\/\/personheadhunters.es\/#website","url":"https:\/\/personheadhunters.es\/","name":"Person Headhunters","description":"","publisher":{"@id":"https:\/\/personheadhunters.es\/#organization"},"potentialAction":[{"@type":"SearchAction","target":{"@type":"EntryPoint","urlTemplate":"https:\/\/personheadhunters.es\/?s={search_term_string}"},"query-input":{"@type":"PropertyValueSpecification","valueRequired":true,"valueName":"search_term_string"}}],"inLanguage":"ca"},{"@type":"Organization","@id":"https:\/\/personheadhunters.es\/#organization","name":"Person Headhunters","url":"https:\/\/personheadhunters.es\/","logo":{"@type":"ImageObject","inLanguage":"ca","@id":"https:\/\/personheadhunters.es\/#\/schema\/logo\/image\/","url":"https:\/\/personheadhunters.es\/wp-content\/uploads\/2025\/05\/Logo-Person.jpg","contentUrl":"https:\/\/personheadhunters.es\/wp-content\/uploads\/2025\/05\/Logo-Person.jpg","width":1655,"height":521,"caption":"Person Headhunters"},"image":{"@id":"https:\/\/personheadhunters.es\/#\/schema\/logo\/image\/"},"sameAs":["https:\/\/x.com\/p_headhunters","https:\/\/es.linkedin.com\/in\/pere-aurell-executive-search-7386572"]}]}},"_links":{"self":[{"href":"https:\/\/personheadhunters.es\/ca\/wp-json\/wp\/v2\/pages\/1473","targetHints":{"allow":["GET"]}}],"collection":[{"href":"https:\/\/personheadhunters.es\/ca\/wp-json\/wp\/v2\/pages"}],"about":[{"href":"https:\/\/personheadhunters.es\/ca\/wp-json\/wp\/v2\/types\/page"}],"author":[{"embeddable":true,"href":"https:\/\/personheadhunters.es\/ca\/wp-json\/wp\/v2\/users\/1"}],"replies":[{"embeddable":true,"href":"https:\/\/personheadhunters.es\/ca\/wp-json\/wp\/v2\/comments?post=1473"}],"version-history":[{"count":1,"href":"https:\/\/personheadhunters.es\/ca\/wp-json\/wp\/v2\/pages\/1473\/revisions"}],"predecessor-version":[{"id":1474,"href":"https:\/\/personheadhunters.es\/ca\/wp-json\/wp\/v2\/pages\/1473\/revisions\/1474"}],"wp:attachment":[{"href":"https:\/\/personheadhunters.es\/ca\/wp-json\/wp\/v2\/media?parent=1473"}],"curies":[{"name":"wp","href":"https:\/\/api.w.org\/{rel}","templated":true}]}}