{"id":1475,"date":"2025-04-14T11:13:00","date_gmt":"2025-04-14T11:13:00","guid":{"rendered":"https:\/\/personheadhunters.es\/com-treballem\/"},"modified":"2025-05-09T12:44:00","modified_gmt":"2025-05-09T12:44:00","slug":"com-treballem","status":"publish","type":"page","link":"https:\/\/personheadhunters.es\/ca\/com-treballem\/","title":{"rendered":"\u00bfCom treballem?"},"content":{"rendered":"\t\t<div data-elementor-type=\"wp-page\" data-elementor-id=\"1475\" class=\"elementor elementor-1475 elementor-925\">\n\t\t\t\t<div class=\"elementor-element elementor-element-44e4c7c e-flex e-con-boxed e-con e-parent\" data-id=\"44e4c7c\" data-element_type=\"container\" data-settings=\"{&quot;background_background&quot;:&quot;classic&quot;}\">\n\t\t\t\t\t<div class=\"e-con-inner\">\n\t\t<div class=\"elementor-element elementor-element-1909c3e e-con-full e-flex e-con e-child\" data-id=\"1909c3e\" data-element_type=\"container\">\n\t\t\t\t<div class=\"elementor-element elementor-element-1509209 elementor-widget elementor-widget-heading\" data-id=\"1509209\" data-element_type=\"widget\" data-widget_type=\"heading.default\">\n\t\t\t\t<div class=\"elementor-widget-container\">\n\t\t\t\t\t<h6 class=\"elementor-heading-title elementor-size-default\">PERSON HEADHUNTERS<\/h6>\t\t\t\t<\/div>\n\t\t\t\t<\/div>\n\t\t\t\t<div class=\"elementor-element elementor-element-c71b679 elementor-widget elementor-widget-heading\" data-id=\"c71b679\" data-element_type=\"widget\" data-widget_type=\"heading.default\">\n\t\t\t\t<div class=\"elementor-widget-container\">\n\t\t\t\t\t<h1 class=\"elementor-heading-title elementor-size-default\">\u00bfCom treballem?<\/h1>\t\t\t\t<\/div>\n\t\t\t\t<\/div>\n\t\t\t\t<\/div>\n\t\t\t\t\t<\/div>\n\t\t\t\t<\/div>\n\t\t<div class=\"elementor-element elementor-element-db74298 e-flex e-con-boxed e-con e-parent\" data-id=\"db74298\" data-element_type=\"container\" data-settings=\"{&quot;background_background&quot;:&quot;classic&quot;}\">\n\t\t\t\t\t<div class=\"e-con-inner\">\n\t\t<div class=\"elementor-element elementor-element-1213749 e-con-full e-flex e-con e-child\" data-id=\"1213749\" data-element_type=\"container\">\n\t\t\t\t<div class=\"elementor-element elementor-element-09c6918 elementor-widget elementor-widget-heading\" data-id=\"09c6918\" data-element_type=\"widget\" data-widget_type=\"heading.default\">\n\t\t\t\t<div class=\"elementor-widget-container\">\n\t\t\t\t\t<h6 class=\"elementor-heading-title elementor-size-default\">\u00bfCom treballem?<\/h6>\t\t\t\t<\/div>\n\t\t\t\t<\/div>\n\t\t\t\t<div class=\"elementor-element elementor-element-a5fbdf7 elementor-widget elementor-widget-heading\" data-id=\"a5fbdf7\" data-element_type=\"widget\" data-widget_type=\"heading.default\">\n\t\t\t\t<div class=\"elementor-widget-container\">\n\t\t\t\t\t<h2 class=\"elementor-heading-title elementor-size-default\">Som capa\u00e7os d'entendre les necessitats dels nostres clients.<\/h2>\t\t\t\t<\/div>\n\t\t\t\t<\/div>\n\t\t\t\t<\/div>\n\t\t<div class=\"elementor-element elementor-element-b547ce3 e-con-full e-flex e-con e-child\" data-id=\"b547ce3\" data-element_type=\"container\">\n\t\t\t\t<div class=\"elementor-element elementor-element-69b08ef elementor-widget elementor-widget-heading\" data-id=\"69b08ef\" data-element_type=\"widget\" data-widget_type=\"heading.default\">\n\t\t\t\t<div class=\"elementor-widget-container\">\n\t\t\t\t\t<h5 class=\"elementor-heading-title elementor-size-default\">Per a nosaltres cada lloc \u00e9s \u00fanic, per la qual cosa adaptem el nostre enfocament a cada missi\u00f3. <\/h5>\t\t\t\t<\/div>\n\t\t\t\t<\/div>\n\t\t\t\t<div class=\"elementor-element elementor-element-da59960 elementor-widget elementor-widget-text-editor\" data-id=\"da59960\" data-element_type=\"widget\" data-widget_type=\"text-editor.default\">\n\t\t\t\t<div class=\"elementor-widget-container\">\n\t\t\t\t\t\t\t\t\t<p>La metodologia de cerca dep\u00e8n del lloc; <strong>cerca directa <\/strong>per a professionals d&#8217;alt nivell o amb coneixements molt espec\u00edfics i dif\u00edcils de trobar, o <strong>cerca a trav\u00e9s d&#8217;anuncis <\/strong>per a llocs de nivell mitj\u00e0.<\/p><p>La personalitzaci\u00f3 del nostre proc\u00e9s ens facilita trobar el perfil que s&#8217;ajusta millor a la seva empresa.<\/p>\t\t\t\t\t\t\t\t<\/div>\n\t\t\t\t<\/div>\n\t\t\t\t<\/div>\n\t\t\t\t\t<\/div>\n\t\t\t\t<\/div>\n\t\t\t\t<\/div>\n\t\t","protected":false},"excerpt":{"rendered":"<p>PERSON HEADHUNTERS \u00bfCom treballem? \u00bfCom treballem? Som capa\u00e7os d&#8217;entendre les necessitats dels nostres clients. Per a nosaltres cada lloc \u00e9s \u00fanic, per la qual cosa adaptem el nostre enfocament a cada missi\u00f3. La metodologia de cerca dep\u00e8n del lloc; cerca directa per a professionals d&#8217;alt nivell o amb coneixements molt espec\u00edfics i dif\u00edcils de trobar, [&hellip;]<\/p>\n","protected":false},"author":1,"featured_media":0,"parent":0,"menu_order":0,"comment_status":"closed","ping_status":"closed","template":"","meta":{"site-sidebar-layout":"no-sidebar","site-content-layout":"page-builder","ast-site-content-layout":"","site-content-style":"default","site-sidebar-style":"default","ast-global-header-display":"","ast-banner-title-visibility":"","ast-main-header-display":"","ast-hfb-above-header-display":"","ast-hfb-below-header-display":"","ast-hfb-mobile-header-display":"","site-post-title":"disabled","ast-breadcrumbs-content":"disabled","ast-featured-img":"disabled","footer-sml-layout":"","theme-transparent-header-meta":"enabled","adv-header-id-meta":"","stick-header-meta":"","header-above-stick-meta":"","header-main-stick-meta":"","header-below-stick-meta":"","astra-migrate-meta-layouts":"default","ast-page-background-enabled":"default","ast-page-background-meta":{"desktop":{"background-color":"","background-image":"","background-repeat":"repeat","background-position":"center center","background-size":"auto","background-attachment":"scroll","background-type":"","background-media":"","overlay-type":"","overlay-color":"","overlay-opacity":"","overlay-gradient":""},"tablet":{"background-color":"","background-image":"","background-repeat":"repeat","background-position":"center center","background-size":"auto","background-attachment":"scroll","background-type":"","background-media":"","overlay-type":"","overlay-color":"","overlay-opacity":"","overlay-gradient":""},"mobile":{"background-color":"","background-image":"","background-repeat":"repeat","background-position":"center center","background-size":"auto","background-attachment":"scroll","background-type":"","background-media":"","overlay-type":"","overlay-color":"","overlay-opacity":"","overlay-gradient":""}},"ast-content-background-meta":{"desktop":{"background-color":"var(--ast-global-color-5)","background-image":"","background-repeat":"repeat","background-position":"center center","background-size":"auto","background-attachment":"scroll","background-type":"","background-media":"","overlay-type":"","overlay-color":"","overlay-opacity":"","overlay-gradient":""},"tablet":{"background-color":"var(--ast-global-color-5)","background-image":"","background-repeat":"repeat","background-position":"center center","background-size":"auto","background-attachment":"scroll","background-type":"","background-media":"","overlay-type":"","overlay-color":"","overlay-opacity":"","overlay-gradient":""},"mobile":{"background-color":"var(--ast-global-color-5)","background-image":"","background-repeat":"repeat","background-position":"center center","background-size":"auto","background-attachment":"scroll","background-type":"","background-media":"","overlay-type":"","overlay-color":"","overlay-opacity":"","overlay-gradient":""}},"footnotes":""},"class_list":["post-1475","page","type-page","status-publish","hentry"],"yoast_head":"<!-- This site is optimized with the Yoast SEO plugin v25.5 - https:\/\/yoast.com\/wordpress\/plugins\/seo\/ -->\n<title>\u00bfCom treballem? - Person Headhunters<\/title>\n<meta name=\"robots\" content=\"index, follow, max-snippet:-1, max-image-preview:large, max-video-preview:-1\" \/>\n<link rel=\"canonical\" href=\"https:\/\/personheadhunters.es\/ca\/com-treballem\/\" \/>\n<meta property=\"og:locale\" content=\"ca_ES\" \/>\n<meta property=\"og:type\" content=\"article\" \/>\n<meta property=\"og:title\" content=\"\u00bfCom treballem? - Person Headhunters\" \/>\n<meta property=\"og:description\" content=\"PERSON HEADHUNTERS \u00bfCom treballem? \u00bfCom treballem? Som capa\u00e7os d&#8217;entendre les necessitats dels nostres clients. Per a nosaltres cada lloc \u00e9s \u00fanic, per la qual cosa adaptem el nostre enfocament a cada missi\u00f3. La metodologia de cerca dep\u00e8n del lloc; cerca directa per a professionals d&#8217;alt nivell o amb coneixements molt espec\u00edfics i dif\u00edcils de trobar, [&hellip;]\" \/>\n<meta property=\"og:url\" content=\"https:\/\/personheadhunters.es\/ca\/com-treballem\/\" \/>\n<meta property=\"og:site_name\" content=\"Person Headhunters\" \/>\n<meta property=\"article:modified_time\" content=\"2025-05-09T12:44:00+00:00\" \/>\n<meta name=\"twitter:card\" content=\"summary_large_image\" \/>\n<meta name=\"twitter:site\" content=\"@p_headhunters\" \/>\n<script type=\"application\/ld+json\" class=\"yoast-schema-graph\">{\"@context\":\"https:\/\/schema.org\",\"@graph\":[{\"@type\":\"WebPage\",\"@id\":\"https:\/\/personheadhunters.es\/ca\/com-treballem\/\",\"url\":\"https:\/\/personheadhunters.es\/ca\/com-treballem\/\",\"name\":\"\u00bfCom treballem? - Person Headhunters\",\"isPartOf\":{\"@id\":\"https:\/\/personheadhunters.es\/#website\"},\"datePublished\":\"2025-04-14T11:13:00+00:00\",\"dateModified\":\"2025-05-09T12:44:00+00:00\",\"breadcrumb\":{\"@id\":\"https:\/\/personheadhunters.es\/ca\/com-treballem\/#breadcrumb\"},\"inLanguage\":\"ca\",\"potentialAction\":[{\"@type\":\"ReadAction\",\"target\":[\"https:\/\/personheadhunters.es\/ca\/com-treballem\/\"]}]},{\"@type\":\"BreadcrumbList\",\"@id\":\"https:\/\/personheadhunters.es\/ca\/com-treballem\/#breadcrumb\",\"itemListElement\":[{\"@type\":\"ListItem\",\"position\":1,\"name\":\"Portada\",\"item\":\"https:\/\/personheadhunters.es\/ca\/\"},{\"@type\":\"ListItem\",\"position\":2,\"name\":\"\u00bfCom treballem?\"}]},{\"@type\":\"WebSite\",\"@id\":\"https:\/\/personheadhunters.es\/#website\",\"url\":\"https:\/\/personheadhunters.es\/\",\"name\":\"Person Headhunters\",\"description\":\"\",\"publisher\":{\"@id\":\"https:\/\/personheadhunters.es\/#organization\"},\"potentialAction\":[{\"@type\":\"SearchAction\",\"target\":{\"@type\":\"EntryPoint\",\"urlTemplate\":\"https:\/\/personheadhunters.es\/?s={search_term_string}\"},\"query-input\":{\"@type\":\"PropertyValueSpecification\",\"valueRequired\":true,\"valueName\":\"search_term_string\"}}],\"inLanguage\":\"ca\"},{\"@type\":\"Organization\",\"@id\":\"https:\/\/personheadhunters.es\/#organization\",\"name\":\"Person Headhunters\",\"url\":\"https:\/\/personheadhunters.es\/\",\"logo\":{\"@type\":\"ImageObject\",\"inLanguage\":\"ca\",\"@id\":\"https:\/\/personheadhunters.es\/#\/schema\/logo\/image\/\",\"url\":\"https:\/\/personheadhunters.es\/wp-content\/uploads\/2025\/05\/Logo-Person.jpg\",\"contentUrl\":\"https:\/\/personheadhunters.es\/wp-content\/uploads\/2025\/05\/Logo-Person.jpg\",\"width\":1655,\"height\":521,\"caption\":\"Person Headhunters\"},\"image\":{\"@id\":\"https:\/\/personheadhunters.es\/#\/schema\/logo\/image\/\"},\"sameAs\":[\"https:\/\/x.com\/p_headhunters\",\"https:\/\/es.linkedin.com\/in\/pere-aurell-executive-search-7386572\"]}]}<\/script>\n<!-- \/ Yoast SEO plugin. -->","yoast_head_json":{"title":"\u00bfCom treballem? - Person Headhunters","robots":{"index":"index","follow":"follow","max-snippet":"max-snippet:-1","max-image-preview":"max-image-preview:large","max-video-preview":"max-video-preview:-1"},"canonical":"https:\/\/personheadhunters.es\/ca\/com-treballem\/","og_locale":"ca_ES","og_type":"article","og_title":"\u00bfCom treballem? - Person Headhunters","og_description":"PERSON HEADHUNTERS \u00bfCom treballem? \u00bfCom treballem? Som capa\u00e7os d&#8217;entendre les necessitats dels nostres clients. Per a nosaltres cada lloc \u00e9s \u00fanic, per la qual cosa adaptem el nostre enfocament a cada missi\u00f3. La metodologia de cerca dep\u00e8n del lloc; cerca directa per a professionals d&#8217;alt nivell o amb coneixements molt espec\u00edfics i dif\u00edcils de trobar, [&hellip;]","og_url":"https:\/\/personheadhunters.es\/ca\/com-treballem\/","og_site_name":"Person Headhunters","article_modified_time":"2025-05-09T12:44:00+00:00","twitter_card":"summary_large_image","twitter_site":"@p_headhunters","schema":{"@context":"https:\/\/schema.org","@graph":[{"@type":"WebPage","@id":"https:\/\/personheadhunters.es\/ca\/com-treballem\/","url":"https:\/\/personheadhunters.es\/ca\/com-treballem\/","name":"\u00bfCom treballem? - Person Headhunters","isPartOf":{"@id":"https:\/\/personheadhunters.es\/#website"},"datePublished":"2025-04-14T11:13:00+00:00","dateModified":"2025-05-09T12:44:00+00:00","breadcrumb":{"@id":"https:\/\/personheadhunters.es\/ca\/com-treballem\/#breadcrumb"},"inLanguage":"ca","potentialAction":[{"@type":"ReadAction","target":["https:\/\/personheadhunters.es\/ca\/com-treballem\/"]}]},{"@type":"BreadcrumbList","@id":"https:\/\/personheadhunters.es\/ca\/com-treballem\/#breadcrumb","itemListElement":[{"@type":"ListItem","position":1,"name":"Portada","item":"https:\/\/personheadhunters.es\/ca\/"},{"@type":"ListItem","position":2,"name":"\u00bfCom treballem?"}]},{"@type":"WebSite","@id":"https:\/\/personheadhunters.es\/#website","url":"https:\/\/personheadhunters.es\/","name":"Person Headhunters","description":"","publisher":{"@id":"https:\/\/personheadhunters.es\/#organization"},"potentialAction":[{"@type":"SearchAction","target":{"@type":"EntryPoint","urlTemplate":"https:\/\/personheadhunters.es\/?s={search_term_string}"},"query-input":{"@type":"PropertyValueSpecification","valueRequired":true,"valueName":"search_term_string"}}],"inLanguage":"ca"},{"@type":"Organization","@id":"https:\/\/personheadhunters.es\/#organization","name":"Person Headhunters","url":"https:\/\/personheadhunters.es\/","logo":{"@type":"ImageObject","inLanguage":"ca","@id":"https:\/\/personheadhunters.es\/#\/schema\/logo\/image\/","url":"https:\/\/personheadhunters.es\/wp-content\/uploads\/2025\/05\/Logo-Person.jpg","contentUrl":"https:\/\/personheadhunters.es\/wp-content\/uploads\/2025\/05\/Logo-Person.jpg","width":1655,"height":521,"caption":"Person Headhunters"},"image":{"@id":"https:\/\/personheadhunters.es\/#\/schema\/logo\/image\/"},"sameAs":["https:\/\/x.com\/p_headhunters","https:\/\/es.linkedin.com\/in\/pere-aurell-executive-search-7386572"]}]}},"_links":{"self":[{"href":"https:\/\/personheadhunters.es\/ca\/wp-json\/wp\/v2\/pages\/1475","targetHints":{"allow":["GET"]}}],"collection":[{"href":"https:\/\/personheadhunters.es\/ca\/wp-json\/wp\/v2\/pages"}],"about":[{"href":"https:\/\/personheadhunters.es\/ca\/wp-json\/wp\/v2\/types\/page"}],"author":[{"embeddable":true,"href":"https:\/\/personheadhunters.es\/ca\/wp-json\/wp\/v2\/users\/1"}],"replies":[{"embeddable":true,"href":"https:\/\/personheadhunters.es\/ca\/wp-json\/wp\/v2\/comments?post=1475"}],"version-history":[{"count":1,"href":"https:\/\/personheadhunters.es\/ca\/wp-json\/wp\/v2\/pages\/1475\/revisions"}],"predecessor-version":[{"id":1476,"href":"https:\/\/personheadhunters.es\/ca\/wp-json\/wp\/v2\/pages\/1475\/revisions\/1476"}],"wp:attachment":[{"href":"https:\/\/personheadhunters.es\/ca\/wp-json\/wp\/v2\/media?parent=1475"}],"curies":[{"name":"wp","href":"https:\/\/api.w.org\/{rel}","templated":true}]}}